{"id":1302,"date":"2021-02-04T11:01:36","date_gmt":"2021-02-04T11:01:36","guid":{"rendered":"https:\/\/health-online-hero.com\/uvjeti-koristenja\/"},"modified":"2024-03-01T18:51:26","modified_gmt":"2024-03-01T17:51:26","slug":"uvjeti-koristenja","status":"publish","type":"page","link":"https:\/\/health-online-hero.com\/uk\/uvjeti-koristenja\/","title":{"rendered":"Uvjeti kori\u0161tenja"},"content":{"rendered":"<p>[et_pb_section fb_built=&#8221;1&#8243; _builder_version=&#8221;4.8.1&#8243; _module_preset=&#8221;default&#8221;][et_pb_row _builder_version=&#8221;4.8.1&#8243; _module_preset=&#8221;default&#8221;][et_pb_column type=&#8221;4_4&#8243; _builder_version=&#8221;4.8.1&#8243; _module_preset=&#8221;default&#8221;][et_pb_text _builder_version=&#8221;4.9.2&#8243; _module_preset=&#8221;default&#8221; hover_enabled=&#8221;0&#8243; sticky_enabled=&#8221;0&#8243;]<\/p>\n<h1><strong>Uvjeti kori\u0161tenja javne web stranice\u00a0<a href=\"https:\/\/health-online-hero.com\/\">https:\/\/health-online-hero.com\/<\/a>\u00a0&#8211; Projekt Healthcare online HERO (u nastavku HERO)<\/strong><\/h1>\n<p><strong>Autorska prava<\/strong><\/p>\n<p>Tekstovi, fotografije, datoteke, video i audio zapisi i ostali materijali objavljeni na javnom webu <a href=\"https:\/\/health-online-hero.com\/\">https:\/\/health-online-hero.com\/<\/a>\u00a0&#8211; Projekt Healthcare onlie HERO:<br \/>&#8211; u vlasni\u0161tvu su IRB-a<br \/>&#8211; u vlasni\u0161tvu su fizi\u010dkih ili pravnih osoba koje su IRB-u dale pristanak za objavljivanje tih materijala<br \/>&#8211; njihova objava dozvoljena je Zakonom o autorskom i drugim pravima<br \/>&#8211; nalaze se pod Creative Commons licencama<br \/>&#8211; nalaze u javnom vlasni\u0161tvu<\/p>\n<p><strong>Uvjeti kori\u0161tenja materijala<\/strong><br \/>Prilikom objave i kori\u0161tenja materijala s javnog weba Instituta Ru\u0111er Bo\u0161kovi\u0107 tre\u0107e osobe du\u017ene su na mediju na kojemu koriste materijale navesti HERO kao izvor.<\/p>\n<p>Medijski subjekti mogu koristiti materijale radi upotrebe u informativne, uredni\u010dke i promid\u017ebene svrhe objavljivanja u novinama, \u010dasopisima i elektronskim medijima uz navo\u0111enje izvora.<\/p>\n<p>Upotreba materijala s javnog weba HERO-a u komercijalne svrhe dozvoljena je samo uz odobrenje IRB-a ili vlasnika materijala objavljenog na webu HERO-a.<\/p>\n<p><strong>Odgovornost za sadr\u017eaj i \u0161tetu<\/strong><br \/>IRB ne preuzima odgovornost za sadr\u017eaj na vanjskim web-stranicama na koji vode poveznice s javnog weba HERO-a.<\/p>\n<p>IRB ne snosi odgovornost za eventualnu \u0161tetu na ra\u010dunalu nastalu preuzimanjem datoteka s ovog weba ili s web-stranica do kojih korisnici do\u0111u putem poveznice s javnog weba HERO-a.<\/p>\n<p>IRB nastoji sadr\u017eaje na ovim stranicama odr\u017eavati to\u010dnim i potpunim, ali ne preuzima odgovornost za istinitost i potpunost istih.<\/p>\n<p><strong>Za\u0161tita osobnih podataka<\/strong><br \/>IRB po\u0161tuje privatnost posjetitelja ovog weba.<\/p>\n<p>Podaci prikupljeni prilikom ispunjavanja obrazaca koristit \u0107e isklju\u010divo u svrhe autentifikacije korisnika, analize i statistike.<\/p>\n<p>Podatke koje ostavljate popunjavanjem kontakt obrazaca na webu, a po kojima vas je mogu\u0107e identificirati, koristimo u svrhu ra\u010dunalne obrade podataka i odgovora na va\u0161e pitanje. Mo\u017eda \u0107emo va\u0161 e-mail poslati drugim zaposlenicima koji mogu bolje odgovoriti na va\u0161e pitanje.<\/p>\n<p><strong>&#8220;Kola\u010di\u0107i&#8221;<\/strong><br \/>Web stranica irb.hr na va\u0161e ra\u010dunalo sprema kola\u010di\u0107e kako bi potpuno ispravno radila i pru\u017eala bolje korisni\u010dko iskustvo. Pro\u010ditajte vi\u0161e.<\/p>\n<p><strong>Izmjena sadr\u017eaja<\/strong><br \/>HERO zadr\u017eava pravo izmjene sadr\u017eaja web stranice te uvjeta kori\u0161tenja bez prethodne najave u bilo kojem trenutku.<\/p>\n<p><strong>Prestanak uvjeta kori\u0161tenja<\/strong><br \/>Uvjeti kori\u0161tenja primjenjuju se do raskida istih od va\u0161e strane ili od strane IRB-a. Va\u0161 raskid je mogu\u0107 u bilo kojem trenutku, a zna\u010di prestanak kori\u0161tenja ovih stranica i brisanje svih materijala i sadr\u017eaja preuzetih i kori\u0161tenih s ove web stranice.<\/p>\n<p>[\/et_pb_text][\/et_pb_column][\/et_pb_row][\/et_pb_section]<\/p>\n","protected":false},"excerpt":{"rendered":"<p>[et_pb_section fb_built=&#8221;1&#8243; _builder_version=&#8221;4.8.1&#8243; _module_preset=&#8221;default&#8221;][et_pb_row _builder_version=&#8221;4.8.1&#8243; _module_preset=&#8221;default&#8221;][et_pb_column type=&#8221;4_4&#8243; _builder_version=&#8221;4.8.1&#8243; _module_preset=&#8221;default&#8221;][et_pb_text _builder_version=&#8221;4.9.2&#8243; _module_preset=&#8221;default&#8221; hover_enabled=&#8221;0&#8243; sticky_enabled=&#8221;0&#8243;] Uvjeti kori\u0161tenja javne web stranice\u00a0https:\/\/health-online-hero.com\/\u00a0&#8211; Projekt Healthcare online HERO (u nastavku HERO) Autorska prava Tekstovi, fotografije, datoteke, video i audio zapisi i ostali materijali objavljeni na javnom webu https:\/\/health-online-hero.com\/\u00a0&#8211; Projekt Healthcare onlie HERO:&#8211; u vlasni\u0161tvu su IRB-a&#8211; u vlasni\u0161tvu su fizi\u010dkih ili [&hellip;]<\/p>\n","protected":false},"author":4,"featured_media":0,"parent":0,"menu_order":0,"comment_status":"closed","ping_status":"closed","template":"","meta":{"_et_pb_use_builder":"on","_et_pb_old_content":"","_et_gb_content_width":""},"_links":{"self":[{"href":"https:\/\/health-online-hero.com\/uk\/wp-json\/wp\/v2\/pages\/1302"}],"collection":[{"href":"https:\/\/health-online-hero.com\/uk\/wp-json\/wp\/v2\/pages"}],"about":[{"href":"https:\/\/health-online-hero.com\/uk\/wp-json\/wp\/v2\/types\/page"}],"author":[{"embeddable":true,"href":"https:\/\/health-online-hero.com\/uk\/wp-json\/wp\/v2\/users\/4"}],"replies":[{"embeddable":true,"href":"https:\/\/health-online-hero.com\/uk\/wp-json\/wp\/v2\/comments?post=1302"}],"version-history":[{"count":2,"href":"https:\/\/health-online-hero.com\/uk\/wp-json\/wp\/v2\/pages\/1302\/revisions"}],"predecessor-version":[{"id":2951,"href":"https:\/\/health-online-hero.com\/uk\/wp-json\/wp\/v2\/pages\/1302\/revisions\/2951"}],"wp:attachment":[{"href":"https:\/\/health-online-hero.com\/uk\/wp-json\/wp\/v2\/media?parent=1302"}],"curies":[{"name":"wp","href":"https:\/\/api.w.org\/{rel}","templated":true}]}}