{"id":1298,"date":"2021-02-04T15:21:23","date_gmt":"2021-02-04T15:21:23","guid":{"rendered":"https:\/\/health-online-hero.com\/politika-privatnosti-i-zastita-osobnih-podataka\/"},"modified":"2024-03-01T18:51:05","modified_gmt":"2024-03-01T17:51:05","slug":"politika-privatnosti-i-zastita-osobnih-podataka","status":"publish","type":"page","link":"https:\/\/health-online-hero.com\/it\/politika-privatnosti-i-zastita-osobnih-podataka\/","title":{"rendered":"Politika privatnosti i za\u0161tita osobnih podataka"},"content":{"rendered":"<p>[et_pb_section fb_built=&#8221;1&#8243; _builder_version=&#8221;4.8.1&#8243; _module_preset=&#8221;default&#8221;][et_pb_row _builder_version=&#8221;4.8.1&#8243; _module_preset=&#8221;default&#8221;][et_pb_column type=&#8221;4_4&#8243; _builder_version=&#8221;4.8.1&#8243; _module_preset=&#8221;default&#8221;][et_pb_text _builder_version=&#8221;4.8.1&#8243; _module_preset=&#8221;default&#8221; hover_enabled=&#8221;0&#8243; sticky_enabled=&#8221;0&#8243;]<\/p>\n<p><span style=\"font-size: xx-large;\"><strong>Politika privatnosti i za\u0161tita osobnih podataka<\/strong><\/span><\/p>\n<p>Klini\u010dka bolnica Merkur. (u daljnjem tekstu Bolnica) i Institut Ru\u0111er Bo\u0161kovi\u0107 ( u daljnjem tekstu IRB) nastoje u svom poslovanju biti uskla\u0111ena sa svim relevantnim zakonskim odredbama i propisima koji se odnose na osobne podatke u svim zemljama u kojima posluje. Ovaj dokument odre\u0111uje temeljne principe po kojima Bolnica i IRB obra\u0111uju osobne podatke pacijenata, poslovnih suradnika, zaposlenika i drugih te utvr\u0111uju uloge i odgovornosti u svim odjelima organizacija prilikom obrade osobnih podataka.<\/p>\n<p>Ova politika se odnosi na Bolnicu i IRB koji posluju na Europskom gospodarskom prostorou (EEA) ili obra\u0111uju osobne podatke subjekata unutar ili izvan EU.<\/p>\n<p><strong>Definicije<\/strong><\/p>\n<p>Definicije navedene u ovom dokumentu definira \u010dl. 4. Op\u0107e uredbe o za\u0161titi podataka:<\/p>\n<p>Osobni podaci: svi podaci koji se odnose na pojedinca \u010diji je identitet utvr\u0111en ili se mo\u017ee utvrditi;<\/p>\n<p>Osjetljivi osobni podaci: osobni podaci, koji su po svojoj naravi posebno osjetljive prirode u pogledu temeljnih prava i sloboda, zaslu\u017euju posebnu za\u0161titu jer bi u okviru njihove obrade moglo do\u0107i do zna\u010dajnih rizika za temeljna prava i slobode. Ti osobni podaci obuhva\u0107aju podatke koji otkrivaju rasno ili etni\u010dko podrijetlo, politi\u010dka mi\u0161ljenja, vjerska ili filozofska uvjerenja, \u010dlanstvo u sindikatu, geneti\u010dke podatke, biometrijske podatke pri obradi posebnim tehni\u010dkim sredstvima kojima se omogu\u0107uje jedinstvena identifikacija pojedinca, podatke koji se ti\u010du zdravlja ili podatke o spolnom \u017eivotu ili seksualnoj orijentaciji pojedinca;<\/p>\n<p>Voditelj obrade: fizi\u010dka ili pravna osoba, tijelo javne vlasti ili drugo tijelo, koje samo ili zajedno s drugima, odre\u0111uje svrhe i sredstva obrade osobnih podataka;<\/p>\n<p>Izvr\u0161itelj obrade: fizi\u010dka ili pravna osoba, tijelo javne vlasti, agencija ili drugo tijelo koje obra\u0111uje osobne podatke u ime voditelja obrade;<\/p>\n<p>Obrada: svaki postupak ili skup postupaka koji se obavljaju na osobnim podacima ili na skupovima osobnih podataka, bilo automatiziranim bilo neautomatiziranim sredstvima kao \u0161to su prikupljanje, bilje\u017eenje, organizacija, strukturiranje, pohrana, prilagodba ili izmjena, pronala\u017eenje, obavljanje uvida, uporaba, otkrivanje prijenosom, \u0161irenjem ili stavljanjem na raspolaganje na drugi na\u010din, uskla\u0111ivanje ili kombiniranje, ograni\u010davanje, brisanje ili uni\u0161tavanje;<\/p>\n<p>Anonimizacija: nepovratno de identificirani osobni podaci na na\u010din da se osoba ne mo\u017ee identificirati u razumnom vremenu, tro\u0161kovima ili tehnologijom, bilo od strane voditelja obrade ili neke druge osobe koja bi mogla identificirati tog pojedinca. Na\u010dela obrade osobnih podataka ne primjenjuju se na anonimizirane podatke;<\/p>\n<p>Pseudonimizacija: obrada osobnih podataka na na\u010din da se osobni podaci vi\u0161e ne mogu pripisati odre\u0111enom ispitaniku bez uporabe dodatnih informacija, pod uvjetom da se takve dodatne informacije dr\u017ee odvojeno te da podlije\u017eu tehni\u010dkim i organizacijskim mjerama kako bi se osiguralo da se osobni podaci ne mogu pripisati pojedincu \u010diji je identitet utvr\u0111en ili se mo\u017ee utvrditi. Pseudonimizacija smanjuje, ali ne eliminira u potpunosti povezivanje osobnih podataka s ispitanikom. Kako pseudonimizacija jo\u0161 uvijek predstavlja osobni podatak, obrada pseudonimiziranih podataka treba biti u skladu s na\u010delima obrade osobnih podataka;<\/p>\n<p>Prekograni\u010dna obrada osobnih podataka: obrada osobnih podataka koja se odvija u EU u kontekstu aktivnosti poslovnih nastana u vi\u0161e od jedne dr\u017eave \u010dlanice voditelja obrade ili izvr\u0161itelja obrade, a voditelj obrade ili izvr\u0161itelj obrade ima poslovni nastan u vi\u0161e od jedne dr\u017eave \u010dlanice; ili obrada osobnih podataka koja se odvija u EU u kontekstu aktivnosti jedinog poslovnog nastana voditelja obrade ili izvr\u0161itelja obrade, ali koja bitno utje\u010de ili je izgledno da \u0107e bitno utjecati na ispitanike u vi\u0161e od jedne dr\u017eave \u010dlanice;<\/p>\n<p>Nadzorno tijelo: neovisno tijelo javne vlasti koje je osnovala dr\u017eava \u010dlanica u skladu s \u010dl. 51. Op\u0107e uredbe o za\u0161titi podataka;<\/p>\n<p>Vode\u0107e nadzorno tijelo: nadzorno tijelo prvenstveno nadle\u017eno za prekograni\u010dnu obradu podataka, primjerice kada ispitanik iska\u017ee prigovor u vezi obrade osobnih podataka; nadle\u017eno je i za zaprimanje obavijesti o povredi osobnih podataka, o rizi\u010dnim radnjama u obradi, te ima punu ovlast u postupku uskla\u0111ivanja s odredbama Op\u0107e uredbe o za\u0161titi podataka;<\/p>\n<p>Lokalno nadzorno tijelo: bit \u0107e nadle\u017eno na svom dr\u017eavnom podru\u010dju i pratit \u0107e svaku lokalnu obradu podataka koja se ti\u010de ispitanika ili obradama koje provodi EU ili ne-EU voditelj ili izvr\u0161itelj onda kada njihovi ciljani ispitanici borave na njegovom dr\u017eavnom podru\u010dju. Njihovi zadaci i ovlasti obuhva\u0107aju provo\u0111enje istraga i primjenu administrativnih mjera i kazni, promicanje javne svijesti o rizicima, pravilima, za\u0161titnim mjerama i pravima u vezi s obradom osobnih podataka, kao i osiguravanje pristupa svim objektima voditelja ili izvr\u0161itelja, uklju\u010duju\u0107i svu opremu i sredstva;<\/p>\n<p>Glavni poslovni nastan voditelja obrade: \u0161to se ti\u010de voditelja obrade s poslovnim nastanima u vi\u0161e od jedne dr\u017eave \u010dlanice, mjesto njegove sredi\u0161nje uprave u EU, osim ako se odluke o svrhama i sredstvima obrade osobnih podataka donose u drugom poslovnom nastanu voditelja obrade u EU te je potonji poslovni nastan ovla\u0161ten provoditi takve odluke, u kojem se slu\u010daju poslovni nastan u okviru kojeg se donose takve odluke treba smatrati glavnim poslovnim nastanom;<\/p>\n<p>Glavni poslovni nastan izvr\u0161itelja obrade: \u0161to se ti\u010de izvr\u0161itelja obrade s poslovnim nastanima u vi\u0161e od jedne dr\u017eave \u010dlanice, mjesto njegove sredi\u0161nje uprave u EU, ili, ako izvr\u0161itelj obrade nema sredi\u0161nju upravu u EU, poslovni nastan izvr\u0161itelja obrade u kojem se odvijaju glavne aktivnosti obrade u kontekstu aktivnosti poslovnog nastana izvr\u0161itelja obrade u mjeri u kojoj izvr\u0161itelj obrade podlije\u017ee posebnim obvezama u skladu s ovom Uredbom;<\/p>\n<p>Grupa poduzetnika obuhva\u0107a poduzetnika u vladaju\u0107em polo\u017eaju i njemu podre\u0111ene poduzetnike.<\/p>\n<p><strong>Osnovna na\u010dela obrade osobnih podataka<\/strong><\/p>\n<p>Na\u010dela za\u0161tite podataka definiraju glavne odgovornosti unutar organizacije koja raspola\u017ee osobnim podacima. \u010cl. 5. st. 2. Op\u0107e uredbe o za\u0161titi podataka odre\u0111uje da je \u201cvoditelj obrade odgovoran za uskla\u0111enost sa st. 1. te mora biti u mogu\u0107nosti isto i dokazati (pouzdanost).\u201d<\/p>\n<p>Zakonita, po\u0161tena i transparentna obrada.<\/p>\n<p>Osobni podaci u Bolnici i IRB obra\u0111uju se na zakonit, po\u0161ten i transparentan na\u010din u odnosu na ispitanika.<\/p>\n<p>Ograni\u010denje svrhe<\/p>\n<p>Osobni podaci prikupljeni su u skladu sa zakonskim obavezama i legitimnim interesima Bolnice i IRB, te se ne smiju obra\u0111ivati na bilo koji na\u010din koji nije u skladu s tim svrhama.<\/p>\n<p>Minimalna koli\u010dina podataka<\/p>\n<p>Osobni podaci odgovaraju i ograni\u010deni su na temu koja je nu\u017ena za ispunjavanje svrhe obrade. Bolnica i IRB prilikom definiranja svrhe obrade primjenjuje anonimizaciju i pseudonimizaciju osobnih podataka ako je mogu\u0107e, kako bi se smanjio rizik za ispitanika.<\/p>\n<p>To\u010dnost<\/p>\n<p>Osobni podaci su to\u010dni i prema potrebi se a\u017euriraju. Ukoliko se tijekom obrade pojave neki podaci koji nisu to\u010dni Bolnica i IRB kao Voditelji obrade poduzimaju mjere kojima se ti podaci bez odlaganja bri\u0161u ili ispravljaju.<\/p>\n<p>Ograni\u010denje vremena pohrane<\/p>\n<p>Osobni podaci moraju se dr\u017eati samo onoliko koliko je potrebno u svrhe radi kojih se obra\u0111uju. Rokovi i procedura \u010duvanja podataka definirani su u Politici \u010duvanja podataka Bolnice i IRB.<\/p>\n<p>Nepovredivost i povjerljivost<\/p>\n<p>Vode\u0107i ra\u010duna o tehnolo\u0161kim dostignu\u0107ima i ostalim raspolo\u017eivim sigurnosnim mjerama, tro\u0161kovima implementacije i razli\u010ditim vjerojatnostima ozbiljnog rizika po za\u0161titu podataka, Bolnica i IRB su implementirali odgovaraju\u0107e tehni\u010dke i organizacijske mjere kako bi se obrada osobnih podataka odvijala na na\u010din koji pru\u017ea sigurnost osobnih podataka te izme\u0111u ostalog za\u0161titu od slu\u010dajnog ili nezakonitog uni\u0161tenja, gubitka, izmjene, neovla\u0161tenog odavanja ili pristupa.<\/p>\n<p>Pouzdanost<\/p>\n<p>Bolnica i IRB su ozbiljne organizacije i u svakom je trenutku u stanju dokazati po\u0161tovanje na\u010dela koja su prethodno navedena.<\/p>\n<p><strong>Obavje\u0161\u0107ivanje ispitanika<\/strong><\/p>\n<p>Op\u0107a uredba o za\u0161titi podataka propisuje na\u010dine obavje\u0161\u0107ivanja i komunikacije s ispitanikom o njegovim osobnim podacima (\u010dl. 12. i 13. te \u010dl. 15. \u2013 22.) te obavje\u0161\u0107ivanje o povredi podataka (\u010dl. 34.).<\/p>\n<p>\u010cl. 12. posebno tra\u017ei da se obavje\u0161\u0107ivanje i komunikacija s ispitanikom mora provoditi na na\u010din da slijedi sljede\u0107a pravila:<\/p>\n<p>mora biti precizna, transparentna, nedvosmislena i lako razumljiva<br \/> komunicirana jasnim i jednostavnim jezikom<br \/> mora biti u pismenom obliku (elektronskom ili papirnatom)<br \/> gdje to ispitanik zatra\u017ei mora biti informiran i usmenim putem i<br \/> mora biti besplatna<\/p>\n<p><strong>Ispitanikov izbor i privola<\/strong><\/p>\n<p>\u010cl. 4. st. 11. propisuje da privola ispitanika mora biti slobodno dana, specifi\u010dna, informirana i nedvosmislena te kojom on daje pristanak za obradu osobnih podataka koji se odnose na njega.<\/p>\n<p><strong>Prikupljanje<\/strong><\/p>\n<p>Bolnica i IRB prikupljju najmanje mogu\u0107e koli\u010dine osobnih podataka. Ako se osobni podaci prikupljaju od tre\u0107e strane, ravnatelj Bolnice i ravnatelj IRB moraju u pripremi i definiranju svrhe obrade osigurati da se prikupljanje vr\u0161i na zakonit na\u010din.<\/p>\n<p><strong>Kori\u0161tenje, pohrana i uklanjanje<\/strong><\/p>\n<p>Svrha, metode, ograni\u010denje pohrane i razdoblje zadr\u017eavanja osobnih podataka moraju biti sukladne s informacijama sadr\u017eanim u Izjavi o privatnosti. Bolnica i IRB su u mogu\u0107nosti o\u010duvati to\u010dnost, integritet, povjerljivost i relevantnost osobnih podataka temeljenih na svrhama obrada koje ima u svom poslovnom procesu. Odgovaraju\u0107i sigurnosni mehanizmi \u010diji je cilj za\u0161tita osobnih podataka koriste se radi spre\u010davanja kra\u0111e, povrede prava ili zlouporabe osobnih podataka.<\/p>\n<p><strong>Otkrivanje tre\u0107im stranama<\/strong><\/p>\n<p>U slu\u010dajevima kada i ako Bolnica i IRB anga\u017eira isporu\u010ditelja tre\u0107e strane ili poslovnog partnera za obradu osobnih podataka, Bolnica i IRB su du\u017eni osigurati da Izvr\u0161itelj obrade poduzme sigurnosne mjere za\u0161tite osobnih podataka koje odgovaraju mogu\u0107im rizicima koji se mogu pojaviti tijekom obrade. U tu svrhu koristi se Upitnik o uskla\u0111enosti s Op\u0107om uredom o za\u0161titi podataka.<\/p>\n<p>Bolnica i IRB ugovorom definira i tra\u017ei da isporu\u010ditelj ili poslovni partner osigura istu razinu za\u0161tite podataka koja je zastupljena u njezinom poslovnom procesu. Isporu\u010ditelj ili poslovni partner smije obra\u0111ivati osobne podatke jedino onda kada izvr\u0161ava svoje ugovorne obveze prema Bolnici i IRB ili po nalogu Bolnice i IRB. Kada Bolnica i IRB obra\u0111uju osobne podatke zajedno s neovisnom tre\u0107om stranom, izri\u010dito \u0107e specificirati svoje kao i odgovornosti tre\u0107e strane, kroz odgovaraju\u0107i ugovor ili bilo koji drugi pravno obvezuju\u0107i dokument.<\/p>\n<p><strong>Prava ispitanika na pristup podacima<\/strong><\/p>\n<p>Kada je u ulozi Voditelja obrade, Bolnica i IRB su du\u017eni ispitanicima osigurati prihvatljiv mehanizam pristupa njihovim osobnim podacima. Ispitanicima je osigurano i a\u017euriranje, ispravljanje, brisanje ili preno\u0161enje osobnih podataka ako je to primjenjivo ili propisano zakonom.<\/p>\n<p><strong>Prenosivost podataka<\/strong><\/p>\n<p>Ispitanici imaju pravo, na zahtjev, dobiti kopiju svojih podataka koje Bolnica i IRB obra\u0111uju, u strukturiranom formatu i te podatke besplatno prenijeti drugom voditelju obrade. Ravnatelj Bolnice i ravnatelj IRB su nadle\u017eni osigurati da se takvi zahtjevi procesiraju unutar 30 (trideset) dana, da nisu pretjerani i da ne utje\u010du na prava za\u0161tite osobnih podataka drugih pojedinaca.<\/p>\n<p><strong>Pravo na zaborav<\/strong><\/p>\n<p>Na zahtjev, ispitanici imaju pravo tra\u017eiti od Bolnice brisanje svojih osobnih podataka. Kada je Bolnica i IRB ujedno i Voditelj obrade, ravnatelji moraju poduzeti potrebne radnje (uklju\u010duju\u0107i i tehni\u010dke mjere) kako bi informirao tre\u0107e strane koje koriste ili obra\u0111uju te podatke, o potrebi uskla\u0111ivanja sa zahtjevom.<\/p>\n<p><strong>Smjernice za po\u0161tenu obradu podataka<\/strong><\/p>\n<p>Osobni podaci smiju se obra\u0111ivati samo ako su izri\u010dito odobreni od ravnatelja Bolnice i IRB. Bolnica i IRB prilikom definiranja obrade mora odlu\u010diti ho\u0107e li primijeniti Procjenu u\u010dinka za\u0161tite podataka za svaku aktivnost obrade podataka sukladno Smjernicama za procjenu u\u010dinka za\u0161tite podataka.<\/p>\n<p><strong>Obavijesti ispitanicima<\/strong><\/p>\n<p>Tijekom ili prije prikupljanja osobnih podataka za bilo koju vrstu obrade; uklju\u010duju\u0107i i proizvode za prodaju, usluge ili marketin\u0161ke aktivnosti; ravnatelj Bolnice i ravnatelj IRB je nadle\u017eni su za propisno obavje\u0161\u0107ivanje ispitanika o sljede\u0107em: vrsta osobnih podataka koja se prikuplja, svrha obrade, metode obrade, prava ispitanika u kontekstu vlastitih osobnih podataka, razdoblju \u010duvanja, mogu\u0107em me\u0111unarodnom prijenosu podataka, mogu\u0107em dijeljenju s tre\u0107im stranama i sigurnosnim mjerama Bolnice i IRB o za\u0161titi osobnih podataka.<\/p>\n<p>Bolnica i IRB ovisno o aktivnosti obrade i kategorijama prikupljenih osobnih podataka kreira razne obavijesti koje se razlikuju prema samim procesima u sklopu obrade (npr. za slanje dopisa ili za otpremu robe).<\/p>\n<p>Kada se osobni podaci dijele s tre\u0107oj stranom, ravnatelji Bolnice i IRB moraju osigurati da su ispitanici o tome obavije\u0161teni putem Izjave o privatnosti.<\/p>\n<p>Kada se osobni podaci prenose u tre\u0107u dr\u017eavu sukladno Politici prekograni\u010dnog prijenosa podataka, Bolnica i IRB u Izjavi o privatnosti navodi jasno gdje i kojoj instituciji se osobni podaci prenose.<\/p>\n<p>Kada se prikupljaju osjetljivi osobni podaci, Slu\u017ebenik za za\u0161titu podataka du\u017ean je osigurati da se u<em> Izjavi o privatnosti<\/em> izri\u010dito navede za koga se prikupljaju predmetni osjetljivi osobni podaci.<\/p>\n<p><strong>Pribavljanje privole<\/strong><\/p>\n<p>Kada se obrada osobnih podataka temelji na privoli ispitanika ili po nekoj drugoj zakonskoj osnovi, ravnatelj Bolnice i IRB du\u017eni su osigurati adekvatno \u010duvanje evidencije predmetnih privola. Ravnatelji Bolnice i IRB su du\u017eni omogu\u0107iti ispitaniku opcije za davanje privole te ga informirati i osigurati da se njegova privola (uvijek kada se koristi kao zakonska osnova za obradu) mo\u017ee povu\u0107i u bilo kojem trenutku.<\/p>\n<p>Kada se prikupljanje osobnih podataka odnosi na dijete ispod 16 godina, Bolnica i IRB \u0107e osigurati roditeljsku privolu prije po\u010detka prikupljanja kori\u0161tenjem <em>Obrasca roditeljske privole.<\/em><\/p>\n<p>U slu\u010daju zahtjeva za ispravkom, dopunom ili uni\u0161tavanjem evidencija osobnih podataka; Bolnica i IRB moraju osigurati da se s takvim zahtjevima postupa u razumnom vremenskom roku. Bolnica i IRB moraju tako\u0111er osigurati da se svaki takav zahtjev zabilje\u017ei.<\/p>\n<p>Osobni podaci u Bolnici i IRB se procesuiraju samo u svrhe za koje se izvorno prikupljaju. U slu\u010daju da Bolnica i IRB \u017eele obra\u0111ivati prikupljene osobne podatke u drugu svrhu, uvijek tra\u017ei dozvolu svojih ispitanika jasnim i nedvosmislenim pisanim putem. Svaki takav zahtjev uklju\u010duje izvornu namjenu za koju su podaci prikupljani, kao i novu ili dodatnu svrhu (ili svrhe). Zahtjev tako\u0111er uklju\u010duje i razlog zbog kojeg je do\u0161lo do promjene svrhe. Slu\u017ebenik za za\u0161titu podataka nadle\u017ean je za uskla\u0111ivanje s pravilima iz ovog poglavlja.<\/p>\n<p>Bolnica i IRB su osigurali da su metode prikupljanja u skladu s relevantnim zakonom, dobrim poslovnim praksama i va\u017ee\u0107im sigurnosnim standardima.<\/p>\n<p><strong>Organizacija i odgovornosti<\/strong><\/p>\n<p>Odgovornost za pru\u017eanje primjerene obrade podataka le\u017ei na svakome tko radi za Bolnicu ili sa Bolnicom, za IRB ilis IRB, te ima pristup osobnim podacima koje Bolnica i \/ ili IRB obra\u0111uju.<\/p>\n<p>Glavna podru\u010dja odgovornosti za obradu osobnih podataka nalaze se u sljede\u0107im organizacijskim ulogama:<br \/> Ravnateljstvo donosi odluke ili odobrava op\u0107e strategije Bolnice i IRB za za\u0161titu osobnih podataka.<\/p>\n<p>Slu\u017ebenik za za\u0161titu podataka, odgovoran je za upravljanje programima za za\u0161titu podataka, te za razvoj i promoviranje politike za\u0161tite osobnih podataka od njezinog prvog do zadnjeg elementa kao \u0161to je definirano u Opisu poslova Slu\u017ebenika za za\u0161titu podataka.<\/p>\n<p>Slu\u017ebenik za za\u0161titu podataka prati i analizira zakone o osobnim podacima, promjene regulative, kreira zahtjeve za uskla\u0111ivanjem te poma\u017ee poslovnim odjelima u postizanju ciljeva vezanih za osobne podatke.<\/p>\n<p><strong>Procedura u slu\u010daju povrede osobnih podataka<\/strong><\/p>\n<p>Kada Bolnica i IRB posumnjaju ili saznaju da je do\u0161lo do povrede osobnih podataka, ravnatelj Bolnice i IRB moraju poduzeti internu istragu i pokrenuti korektivne mjere popravljanja \u0161tete. Ukoliko se utvrdi da postoje bilo kakvi rizici za prava i slobode ispitanika, Bolnica i IRB moraju bez odga\u0111anja, a maksimalno u roku od 72 sata otkad je rizik ili incident uo\u010den, obavijestiti nadzorno tijelo AZOP.<\/p>\n<p>[\/et_pb_text][\/et_pb_column][\/et_pb_row][\/et_pb_section]<\/p>\n","protected":false},"excerpt":{"rendered":"<p>[et_pb_section fb_built=&#8221;1&#8243; _builder_version=&#8221;4.8.1&#8243; _module_preset=&#8221;default&#8221;][et_pb_row _builder_version=&#8221;4.8.1&#8243; _module_preset=&#8221;default&#8221;][et_pb_column type=&#8221;4_4&#8243; _builder_version=&#8221;4.8.1&#8243; _module_preset=&#8221;default&#8221;][et_pb_text _builder_version=&#8221;4.8.1&#8243; _module_preset=&#8221;default&#8221; hover_enabled=&#8221;0&#8243; sticky_enabled=&#8221;0&#8243;] Politika privatnosti i za\u0161tita osobnih podataka Klini\u010dka bolnica Merkur. (u daljnjem tekstu Bolnica) i Institut Ru\u0111er Bo\u0161kovi\u0107 ( u daljnjem tekstu IRB) nastoje u svom poslovanju biti uskla\u0111ena sa svim relevantnim zakonskim odredbama i propisima koji se odnose na osobne podatke u [&hellip;]<\/p>\n","protected":false},"author":4,"featured_media":0,"parent":0,"menu_order":0,"comment_status":"closed","ping_status":"closed","template":"","meta":{"_et_pb_use_builder":"on","_et_pb_old_content":"","_et_gb_content_width":""},"_links":{"self":[{"href":"https:\/\/health-online-hero.com\/it\/wp-json\/wp\/v2\/pages\/1298"}],"collection":[{"href":"https:\/\/health-online-hero.com\/it\/wp-json\/wp\/v2\/pages"}],"about":[{"href":"https:\/\/health-online-hero.com\/it\/wp-json\/wp\/v2\/types\/page"}],"author":[{"embeddable":true,"href":"https:\/\/health-online-hero.com\/it\/wp-json\/wp\/v2\/users\/4"}],"replies":[{"embeddable":true,"href":"https:\/\/health-online-hero.com\/it\/wp-json\/wp\/v2\/comments?post=1298"}],"version-history":[{"count":1,"href":"https:\/\/health-online-hero.com\/it\/wp-json\/wp\/v2\/pages\/1298\/revisions"}],"predecessor-version":[{"id":4671,"href":"https:\/\/health-online-hero.com\/it\/wp-json\/wp\/v2\/pages\/1298\/revisions\/4671"}],"wp:attachment":[{"href":"https:\/\/health-online-hero.com\/it\/wp-json\/wp\/v2\/media?parent=1298"}],"curies":[{"name":"wp","href":"https:\/\/api.w.org\/{rel}","templated":true}]}}